{"id":940,"date":"2022-08-28T18:01:01","date_gmt":"2022-08-28T11:01:01","guid":{"rendered":"https:\/\/www.beprompt.co.th\/?post_type=product&#038;p=940"},"modified":"2022-09-30T14:26:11","modified_gmt":"2022-09-30T07:26:11","slug":"insulated-cable-end-sleeve-according-to-din-with-easy-entry","status":"publish","type":"product","link":"https:\/\/www.beprompt.co.th\/en\/product\/insulated-cable-end-sleeve-according-to-din-with-easy-entry\/","title":{"rendered":"Insulated cable end-sleeve according to DIN with Easy-Entry"},"content":{"rendered":"<p>&#8216;*For fine and superfine stranded conductors, e.g. according to DIN EN 60228 Cl. 5 and 6<br \/>\n*Easy-Entry Isolierung f\u00fcr splei\u00dffreie Kabeleinf\u00fchrung<br \/>\n*Halogenfre<\/p>\n<p>Features<br \/>\n*Color coding and dimensions according to DIN 46228 Part 4<br \/>\n*Temperature resistance: up to 105 \u00b0C<\/p>\n<p>Material<br \/>\nPlastic: Polypropylene<br \/>\nCu-DHP<\/p>\n<p>Surface<br \/>\nTin plated to protect against corrosion<\/p>\n","protected":false},"excerpt":{"rendered":"<p>Insulated cable end-sleeve according to DIN with Easy-Entry Klauke Insulated cable end-sleeve \u0e2b\u0e32\u0e07\u0e1b\u0e25\u0e32\u0e40\u0e02\u0e49\u0e32\u0e2a\u0e32\u0e22\u0e44\u0e1f \u0e2b\u0e25\u0e32\u0e22\u0e02\u0e19\u0e32\u0e14 \u0e40\u0e04\u0e40\u0e1a\u0e34\u0e49\u0e25\u0e40\u0e2d\u0e19\u0e2b\u0e38\u0e49\u0e21\u0e2a\u0e32\u0e22\u0e44\u0e1f<\/p>\n","protected":false},"featured_media":914,"template":"","meta":{"_et_pb_use_builder":"on","_et_pb_old_content":"'*For fine and superfine stranded conductors, e.g. according to DIN EN 60228 Cl. 5 and 6\r\n*Easy-Entry Isolierung f\u00fcr splei\u00dffreie Kabeleinf\u00fchrung\r\n*Halogenfre\r\n\r\nFeatures\r\n*Color coding and dimensions according to DIN 46228 Part 4\r\n*Temperature resistance: up to 105 \u00b0C\r\n\r\nMaterial\r\nPlastic: Polypropylene\r\nCu-DHP\r\n\r\nSurface\r\nTin plated to protect against corrosion","_et_gb_content_width":""},"product_cat":[46,44,51],"product_tag":[],"_links":{"self":[{"href":"https:\/\/www.beprompt.co.th\/en\/wp-json\/wp\/v2\/product\/940"}],"collection":[{"href":"https:\/\/www.beprompt.co.th\/en\/wp-json\/wp\/v2\/product"}],"about":[{"href":"https:\/\/www.beprompt.co.th\/en\/wp-json\/wp\/v2\/types\/product"}],"wp:featuredmedia":[{"embeddable":true,"href":"https:\/\/www.beprompt.co.th\/en\/wp-json\/wp\/v2\/media\/914"}],"wp:attachment":[{"href":"https:\/\/www.beprompt.co.th\/en\/wp-json\/wp\/v2\/media?parent=940"}],"wp:term":[{"taxonomy":"product_cat","embeddable":true,"href":"https:\/\/www.beprompt.co.th\/en\/wp-json\/wp\/v2\/product_cat?post=940"},{"taxonomy":"product_tag","embeddable":true,"href":"https:\/\/www.beprompt.co.th\/en\/wp-json\/wp\/v2\/product_tag?post=940"}],"curies":[{"name":"wp","href":"https:\/\/api.w.org\/{rel}","templated":true}]}}